{"id":82,"date":"2022-07-01T09:53:39","date_gmt":"2022-07-01T09:53:39","guid":{"rendered":"http:\/\/localhost\/promotors\/?page_id=82"},"modified":"2025-12-22T19:40:46","modified_gmt":"2025-12-22T19:40:46","slug":"contactos","status":"publish","type":"page","link":"https:\/\/desbexport.com\/it\/contactos\/","title":{"rendered":"CONTACTOS"},"content":{"rendered":"<div data-elementor-type=\"wp-page\" data-elementor-id=\"82\" class=\"elementor elementor-82\" data-elementor-post-type=\"page\">\n\t\t\t\t        <section class=\"elementor-section elementor-top-section elementor-element elementor-element-79a2a9a elementor-section-stretched elementor-section-boxed elementor-section-height-default elementor-section-height-default ct-header-fixed-none ct-column-none ct-row-scroll-none ct-section-smoke-none ct-section-particle-none\" data-id=\"79a2a9a\" data-element_type=\"section\" data-settings=\"{&quot;stretch_section&quot;:&quot;section-stretched&quot;}\">\n            \n                        <div class=\"elementor-container elementor-column-gap-custom\">\n                    <div class=\"elementor-column elementor-col-33 elementor-top-column elementor-element elementor-element-dc0df8f ct-column-none\" data-id=\"dc0df8f\" data-element_type=\"column\">\n        <div class=\"elementor-widget-wrap elementor-element-populated\">\n                    \n        \t\t<div class=\"elementor-element elementor-element-9d9ee07 elementor-widget elementor-widget-ct_contact_info\" data-id=\"9d9ee07\" data-element_type=\"widget\" data-widget_type=\"ct_contact_info.default\">\n\t\t\t\t<div class=\"elementor-widget-container\">\n\t\t\t\t\t    <div id=\"ct_contact_info-9d9ee07\" class=\"ct-contact-info ct-contact-info2 style1\" data-wow-duration=\"1.2s\">\r\n        <div class=\"ct-contact-content\">\r\n                            <label class=\"ct-contact-title\">DIRECCI\u00d3N<\/label>\r\n            \r\n                            <div class=\"ct-contact-list\">\r\n                                            <a href=\"https:\/\/maps.app.goo.gl\/RfTLkKr7s3xzMUww6\" target=\"_blank\">                            <span>17771, Santa Llogaia d'Alguema<\/span>\r\n                        <\/a>                                    <\/div>\r\n            \r\n                    <\/div>\r\n    <\/div>\r\n\t\t\t\t<\/div>\n\t\t\t\t<\/div>\n\t\t            <\/div>\n        <\/div>\n                <div class=\"elementor-column elementor-col-33 elementor-top-column elementor-element elementor-element-aa498bc ct-column-none\" data-id=\"aa498bc\" data-element_type=\"column\">\n        <div class=\"elementor-widget-wrap elementor-element-populated\">\n                    \n        \t\t<div class=\"elementor-element elementor-element-d1fb24f elementor-widget elementor-widget-ct_fancy_box\" data-id=\"d1fb24f\" data-element_type=\"widget\" data-widget_type=\"ct_fancy_box.default\">\n\t\t\t\t<div class=\"elementor-widget-container\">\n\t\t\t\t\t<div class=\"ct-fancy-box ct-fancy-box-layout2\"  data-wow-delay=\"ms\">\r\n    <div class=\"item--inner\">\r\n        <div class=\"item--meta\">\r\n                            <h4 class=\"item--title\">\r\n                    HORARIO DE APERTURA                <\/h4>\r\n                                                            <div class=\"item--list\">\r\n                        <span>Lunes - Viernes<\/span>\r\n                        <span><\/span>\r\n                    <\/div>\r\n                                                                <div class=\"item--list\">\r\n                        <span>9:00 - 13:00 \/ 15:00 - 19:00<\/span>\r\n                        <span><\/span>\r\n                    <\/div>\r\n                                                                <div class=\"item--list\">\r\n                        <span>S\u00e1bado<\/span>\r\n                        <span><\/span>\r\n                    <\/div>\r\n                                                                <div class=\"item--list\">\r\n                        <span>9:00 - 13:00<\/span>\r\n                        <span><\/span>\r\n                    <\/div>\r\n                                                                <div class=\"item--list\">\r\n                        <span>Domingo<\/span>\r\n                        <span>Cerrado<\/span>\r\n                    <\/div>\r\n                                    <\/div>\r\n    <\/div>\r\n<\/div>\t\t\t\t<\/div>\n\t\t\t\t<\/div>\n\t\t            <\/div>\n        <\/div>\n                <div class=\"elementor-column elementor-col-33 elementor-top-column elementor-element elementor-element-0ca957c ct-column-none\" data-id=\"0ca957c\" data-element_type=\"column\">\n        <div class=\"elementor-widget-wrap elementor-element-populated\">\n                    \n        \t\t<div class=\"elementor-element elementor-element-ba6ea3f elementor-widget elementor-widget-ct_contact_info\" data-id=\"ba6ea3f\" data-element_type=\"widget\" data-widget_type=\"ct_contact_info.default\">\n\t\t\t\t<div class=\"elementor-widget-container\">\n\t\t\t\t\t    <div id=\"ct_contact_info-ba6ea3f\" class=\"ct-contact-info ct-contact-info2 style1\" data-wow-duration=\"1.2s\">\r\n        <div class=\"ct-contact-content\">\r\n                            <label class=\"ct-contact-title\">ATENCI\u00d3N AL CLIENTE<\/label>\r\n            \r\n                            <div class=\"ct-contact-list\">\r\n                                            <a href=\"tel:34972504467\">                            <span>+34 972 504 467<\/span>\r\n                        <\/a>                                            <a href=\"tel:34610272568\">                            <span>+34 610 272 568<\/span>\r\n                        <\/a>                                            <a href=\"tel:34600710646\">                            <span>+34 600 710 646<\/span>\r\n                        <\/a>                                    <\/div>\r\n            \r\n                            <div class=\"ct-contact-list\">\r\n                                            <a href=\"mailto:Piezas@desbexport.com\">                        <span>Piezas@desbexport.com<\/span>\r\n                        <\/a>                                    <\/div>\r\n                    <\/div>\r\n    <\/div>\r\n\t\t\t\t<\/div>\n\t\t\t\t<\/div>\n\t\t            <\/div>\n        <\/div>\n                    <\/div>\n        <\/section>\n                <section class=\"elementor-section elementor-top-section elementor-element elementor-element-2d840b4 elementor-section-boxed elementor-section-height-default elementor-section-height-default ct-header-fixed-none ct-column-none ct-row-scroll-none ct-section-smoke-none ct-section-particle-none\" data-id=\"2d840b4\" data-element_type=\"section\">\n            \n                        <div class=\"elementor-container elementor-column-gap-default\">\n                    <div class=\"elementor-column elementor-col-100 elementor-top-column elementor-element elementor-element-64e830c ct-column-none\" data-id=\"64e830c\" data-element_type=\"column\">\n        <div class=\"elementor-widget-wrap elementor-element-populated\">\n                    \n        \t\t<div class=\"elementor-element elementor-element-68a3ffc ct-widget-google_maps elementor-widget elementor-widget-google_maps\" data-id=\"68a3ffc\" data-element_type=\"widget\" data-widget_type=\"google_maps.default\">\n\t\t\t\t\t\t\t<div class=\"elementor-custom-embed\">\n\t\t\t<iframe loading=\"lazy\"\n\t\t\t\t\tsrc=\"https:\/\/maps.google.com\/maps?q=Desballestament%20Desbexport%2C%20antiga%20casa%20Grues%20Font&#038;t=m&#038;z=18&#038;output=embed&#038;iwloc=near\"\n\t\t\t\t\ttitle=\"Desballestament Desbexport, antiga casa Grues Font\"\n\t\t\t\t\taria-label=\"Desballestament Desbexport, antiga casa Grues Font\"\n\t\t\t><\/iframe>\n\t\t<\/div>\n\t\t\t\t\t\t<\/div>\n\t\t            <\/div>\n        <\/div>\n                    <\/div>\n        <\/section>\n                <section class=\"elementor-section elementor-top-section elementor-element elementor-element-b212877 elementor-section-boxed elementor-section-height-default elementor-section-height-default ct-header-fixed-none ct-column-none ct-row-scroll-none ct-section-smoke-none ct-section-particle-none\" data-id=\"b212877\" data-element_type=\"section\">\n            \n                        <div class=\"elementor-container elementor-column-gap-default\">\n                    <div class=\"elementor-column elementor-col-100 elementor-top-column elementor-element elementor-element-8daa30b ct-column-none\" data-id=\"8daa30b\" data-element_type=\"column\">\n        <div class=\"elementor-widget-wrap elementor-element-populated\">\n                    \n        \t\t<div class=\"elementor-element elementor-element-f807898 elementor-widget elementor-widget-ct_contact_form\" data-id=\"f807898\" data-element_type=\"widget\" data-widget_type=\"ct_contact_form.default\">\n\t\t\t\t<div class=\"elementor-widget-container\">\n\t\t\t\t\t    <div class=\"ct-contact-form ct-contact-form-layout1 wow skewInUp\">\r\n    \t\t    \t<div class=\"ct-contact-titles\">\r\n                                                    <h2 class=\"text-title case-animate-time\" data-wow-delay=\"ms\">\r\n                    <span class=\"slide-in-container\"><span class=\"d-inline-block wow case-fade-in-up\">SOLICITE<\/span><\/span> <span class=\"slide-in-container\"><span class=\"d-inline-block wow case-fade-in-up\">UNA<\/span><\/span> <span class=\"slide-in-container\"><span class=\"d-inline-block wow case-fade-in-up\">CITA<\/span><\/span> <span class=\"slide-in-container\"><span class=\"d-inline-block wow case-fade-in-up\">EN<\/span><\/span> <span class=\"slide-in-container\"><span class=\"d-inline-block wow case-fade-in-up\">L\u00cdNEA<\/span><\/span>                    <\/h2>\r\n                                                    <p class=\"text-description\">Despu\u00e9s de enviar el formulario, un representante lo llamar\u00e1 con la informaci\u00f3n que necesitar\u00e1 para concertar una cita.<\/p>\r\n                \t    \t<\/div>\r\n\t            <div class=\"ct-contact-form\">\r\n            \n<div class=\"wpcf7 no-js\" id=\"wpcf7-f19059-o1\" lang=\"en-US\" dir=\"ltr\" data-wpcf7-id=\"19059\">\n<div class=\"screen-reader-response\"><p role=\"status\" aria-live=\"polite\" aria-atomic=\"true\"><\/p> <ul><\/ul><\/div>\n<form action=\"\/it\/wp-json\/wp\/v2\/pages\/82#wpcf7-f19059-o1\" method=\"post\" class=\"wpcf7-form init\" aria-label=\"Contact form\" novalidate=\"novalidate\" data-status=\"init\" data-trp-original-action=\"\/it\/wp-json\/wp\/v2\/pages\/82#wpcf7-f19059-o1\">\n<fieldset class=\"hidden-fields-container\"><input type=\"hidden\" name=\"_wpcf7\" value=\"19059\" \/><input type=\"hidden\" name=\"_wpcf7_version\" value=\"6.1.4\" \/><input type=\"hidden\" name=\"_wpcf7_locale\" value=\"en_US\" \/><input type=\"hidden\" name=\"_wpcf7_unit_tag\" value=\"wpcf7-f19059-o1\" \/><input type=\"hidden\" name=\"_wpcf7_container_post\" value=\"0\" \/><input type=\"hidden\" name=\"_wpcf7_posted_data_hash\" value=\"\" \/>\n<\/fieldset>\n<div class=\"wp-row-ctf7 contact-form-custom1\">\n\t<div class=\"row input-contact\">\n\t\t<div class=\"col-lg-6\">\n\t\t\t<div class=\"input-filled\">\n\t\t\t\t<p><label>TU NOMBRE<\/label><br \/>\n<span class=\"wpcf7-form-control-wrap\" data-name=\"your-name\"><input size=\"40\" maxlength=\"400\" class=\"wpcf7-form-control wpcf7-text wpcf7-validates-as-required\" aria-required=\"true\" aria-invalid=\"false\" placeholder=\"Introduce tu nombre\" value=\"\" type=\"text\" name=\"your-name\" \/><\/span>\n\t\t\t\t<\/p>\n\t\t\t<\/div>\n\t\t<\/div>\n\t\t<div class=\"col-lg-6\">\n\t\t\t<div class=\"input-filled\">\n\t\t\t\t<p><label>TU CORREO ELECTR\u00d3NICO<\/label><br \/>\n<span class=\"wpcf7-form-control-wrap\" data-name=\"your-email\"><input size=\"40\" maxlength=\"400\" class=\"wpcf7-form-control wpcf7-email wpcf7-validates-as-required wpcf7-text wpcf7-validates-as-email\" aria-required=\"true\" aria-invalid=\"false\" placeholder=\"Introduce tu correo electr\u00f3nico\" value=\"\" type=\"email\" name=\"your-email\" \/><\/span>\n\t\t\t\t<\/p>\n\t\t\t<\/div>\n\t\t<\/div>\n\t<\/div>\n\t<div class=\"row input-contact\">\n\t\t<div class=\"col-lg-6\">\n\t\t\t<div class=\"input-filled\">\n\t\t\t\t<p><label>SELECCIONAR FECHA<\/label><br \/>\n<span class=\"wpcf7-form-control-wrap\" data-name=\"select-date\"><input size=\"40\" maxlength=\"400\" class=\"wpcf7-form-control wpcf7-text wpcf7-validates-as-required walcf7-datepicker\" aria-required=\"true\" aria-invalid=\"false\" placeholder=\"Selecciona una fecha\" value=\"\" type=\"text\" name=\"select-date\" \/><\/span>\n\t\t\t\t<\/p>\n\t\t\t<\/div>\n\t\t<\/div>\n\t\t<div class=\"col-lg-6\">\n\t\t\t<div class=\"input-filled\">\n\t\t\t\t<p><label>SELECCIONAR HORA<\/label><br \/>\n<span class=\"wpcf7-form-control-wrap\" data-name=\"select-time\"><input size=\"40\" maxlength=\"400\" class=\"wpcf7-form-control wpcf7-text wpcf7-validates-as-required walcf7-timepicker\" aria-required=\"true\" aria-invalid=\"false\" placeholder=\"Selecciona una hora\" value=\"\" type=\"text\" name=\"select-time\" \/><\/span>\n\t\t\t\t<\/p>\n\t\t\t<\/div>\n\t\t<\/div>\n\t<\/div>\n\t<div class=\"row input-contact\">\n\t\t<div class=\"col-12\">\n\t\t\t<div class=\"input-filled large\">\n\t\t\t\t<p><label>TU MENSAJE<\/label><br \/>\n<span class=\"wpcf7-form-control-wrap\" data-name=\"your-message\"><input size=\"40\" maxlength=\"400\" class=\"wpcf7-form-control wpcf7-text wpcf7-validates-as-required\" aria-required=\"true\" aria-invalid=\"false\" placeholder=\"Describe tu problema\" value=\"\" type=\"text\" name=\"your-message\" \/><\/span>\n\t\t\t\t<\/p>\n\t\t\t<\/div>\n\t\t<\/div>\n\t<\/div>\n\t<div class=\"row input-recaptcha\">\n\t\t<div class=\"col-12\">\n\t\t\t<p>[recaptcha theme:dark]\n\t\t\t<\/p>\n\t\t<\/div>\n\t<\/div>\n\t<div class=\"row buttom-contact7\">\n\t\t<div class=\"col-12\">\n\t\t\t<div class=\"btn-form\">\n\t\t\t\t<p><button type=\"submit\" class=\"btn btn-style2\"><span>ENVIAR MENSAJE<\/span><\/button>\n\t\t\t\t<\/p>\n\t\t\t<\/div>\n\t\t<\/div>\n\t<\/div>\n<\/div><div class=\"wpcf7-response-output\" aria-hidden=\"true\"><\/div>\n<input type=\"hidden\" name=\"trp-form-language\" value=\"it\"\/><\/form>\n<\/div>\n        <\/div>\r\n    <\/div>\r\n\t\t\t\t<\/div>\n\t\t\t\t<\/div>\n\t\t            <\/div>\n        <\/div>\n                    <\/div>\n        <\/section>\n        \t\t<\/div>","protected":false},"excerpt":{"rendered":"<p>DIRECCI\u00d3N 17771, Santa Llogaia d&#8217;Alguema HORARIO DE APERTURA Lunes &#8211; Viernes 9:00 &#8211; 13:00 \/ 15:00 &#8211; 19:00 S\u00e1bado 9:00 &#8211; 13:00 Domingo Cerrado ATENCI\u00d3N AL CLIENTE +34 972 504 467 +34 610 272 568 +34 600 710 646 Piezas@desbexport.com SOLICITE UNA CITA EN L\u00cdNEA Despu\u00e9s de enviar el formulario, un representante lo llamar\u00e1 con [&hellip;]<\/p>","protected":false},"author":1,"featured_media":0,"parent":0,"menu_order":0,"comment_status":"closed","ping_status":"closed","template":"","meta":{"footnotes":""},"class_list":["post-82","page","type-page","status-publish","hentry"],"_links":{"self":[{"href":"https:\/\/desbexport.com\/it\/wp-json\/wp\/v2\/pages\/82","targetHints":{"allow":["GET"]}}],"collection":[{"href":"https:\/\/desbexport.com\/it\/wp-json\/wp\/v2\/pages"}],"about":[{"href":"https:\/\/desbexport.com\/it\/wp-json\/wp\/v2\/types\/page"}],"author":[{"embeddable":true,"href":"https:\/\/desbexport.com\/it\/wp-json\/wp\/v2\/users\/1"}],"replies":[{"embeddable":true,"href":"https:\/\/desbexport.com\/it\/wp-json\/wp\/v2\/comments?post=82"}],"version-history":[{"count":10,"href":"https:\/\/desbexport.com\/it\/wp-json\/wp\/v2\/pages\/82\/revisions"}],"predecessor-version":[{"id":19070,"href":"https:\/\/desbexport.com\/it\/wp-json\/wp\/v2\/pages\/82\/revisions\/19070"}],"wp:attachment":[{"href":"https:\/\/desbexport.com\/it\/wp-json\/wp\/v2\/media?parent=82"}],"curies":[{"name":"wp","href":"https:\/\/api.w.org\/{rel}","templated":true}]}}